{"id":6824,"date":"2022-12-04T11:34:48","date_gmt":"2022-12-04T10:34:48","guid":{"rendered":"http:\/\/hotelszatmari.hu\/jaszberenyrol\/"},"modified":"2023-03-06T15:12:44","modified_gmt":"2023-03-06T14:12:44","slug":"jaszbereny","status":"publish","type":"page","link":"https:\/\/hotelszatmari.hu\/en\/jaszbereny\/","title":{"rendered":"J\u00e1szber\u00e9ny"},"content":{"rendered":"\t\t<div data-elementor-type=\"wp-page\" data-elementor-id=\"6824\" class=\"elementor elementor-6824 elementor-5579\" data-elementor-post-type=\"page\">\n\t\t\t\t\t\t<section class=\"elementor-section elementor-top-section elementor-element elementor-element-8f5bb9d elementor-section-boxed elementor-section-gap-beside-yes elementor-section-height-default elementor-section-height-default elementor-section-column-vertical-align-stretch\" data-id=\"8f5bb9d\" data-element_type=\"section\">\n\t\t\t\t\t\t<div class=\"elementor-container elementor-column-gap-extended\">\n\t\t\t\t\t<div class=\"elementor-column elementor-col-100 elementor-top-column elementor-element elementor-element-7ec4215\" data-id=\"7ec4215\" data-element_type=\"column\">\n\t\t\t<div class=\"elementor-widget-wrap elementor-element-populated\">\n\t\t\t\t\t\t<div class=\"elementor-element elementor-element-edd9d03 elementor-widget__width-initial elementor-invisible elementor-widget elementor-widget-text-editor\" data-id=\"edd9d03\" data-element_type=\"widget\" data-settings=\"{&quot;_animation&quot;:&quot;nussFadeInUp&quot;}\" data-widget_type=\"text-editor.default\">\n\t\t\t\t<div class=\"elementor-widget-container\">\n\t\t\t\t\t\t\t<p>J\u00e1szber\u00e9ny, the heart of J\u00e1szs\u00e1g, a pulsating small town, awaits you and your family with countless attractions and colorful programs.<\/p>\t\t\t\t\t\t<\/div>\n\t\t\t\t<\/div>\n\t\t\t\t\t<\/div>\n\t\t<\/div>\n\t\t\t\t\t<\/div>\n\t\t<\/section>\n\t\t\t\t<section class=\"elementor-section elementor-top-section elementor-element elementor-element-fcc2c5b elementor-section-boxed elementor-section-gap-beside-yes elementor-section-height-default elementor-section-height-default elementor-section-column-vertical-align-stretch\" data-id=\"fcc2c5b\" data-element_type=\"section\">\n\t\t\t\t\t\t<div class=\"elementor-container elementor-column-gap-extended\">\n\t\t\t\t\t<div class=\"elementor-column elementor-col-100 elementor-top-column elementor-element elementor-element-2f7d653\" data-id=\"2f7d653\" data-element_type=\"column\">\n\t\t\t<div class=\"elementor-widget-wrap elementor-element-populated\">\n\t\t\t\t\t\t<section class=\"elementor-section elementor-inner-section elementor-element elementor-element-6f6d8ba elementor-section-boxed elementor-section-gap-beside-yes elementor-section-height-default elementor-section-height-default elementor-section-column-vertical-align-stretch\" data-id=\"6f6d8ba\" data-element_type=\"section\">\n\t\t\t\t\t\t<div class=\"elementor-container elementor-column-gap-extended\">\n\t\t\t\t\t<div class=\"elementor-column elementor-col-50 elementor-inner-column elementor-element elementor-element-0878be6\" data-id=\"0878be6\" data-element_type=\"column\">\n\t\t\t<div class=\"elementor-widget-wrap elementor-element-populated\">\n\t\t\t\t\t\t<div class=\"elementor-element elementor-element-2ba7908 elementor-invisible elementor-widget elementor-widget-text-editor\" data-id=\"2ba7908\" data-element_type=\"widget\" data-settings=\"{&quot;_animation&quot;:&quot;nussFadeInUp&quot;}\" data-widget_type=\"text-editor.default\">\n\t\t\t\t<div class=\"elementor-widget-container\">\n\t\t\t\t\t\t\tThe attractions, family-friendly programs of the capital of J\u00e1szs\u00e1g, its unique Zoo, swimming pools and thermal baths, fishing lakes, art and dance camps, museums, rightly make J\u00e1szber\u00e9ny the most promising city in the northern corner of the Great Plain.\n\nHowever, the city of J\u00e1szber\u00e9ny is not only attractive because of its pleasant surroundings. The industrialized area is home to many large munufacturing businesses as well as small and medium-sized companies, and an advanced infrastructure awaits further investments.\t\t\t\t\t\t<\/div>\n\t\t\t\t<\/div>\n\t\t\t\t\t<\/div>\n\t\t<\/div>\n\t\t\t\t<div class=\"elementor-column elementor-col-50 elementor-inner-column elementor-element elementor-element-6f3f021\" data-id=\"6f3f021\" data-element_type=\"column\">\n\t\t\t<div class=\"elementor-widget-wrap elementor-element-populated\">\n\t\t\t\t\t\t<div class=\"elementor-element elementor-element-63d8463 elementor-invisible nuss-elementor-loading nuss-slide-in-left elementor-widget elementor-widget-image\" data-id=\"63d8463\" data-element_type=\"widget\" data-settings=\"{&quot;_animation&quot;:&quot;nussSlideInLeft&quot;}\" data-widget_type=\"image.default\">\n\t\t\t\t<div class=\"elementor-widget-container\">\n\t\t\t\t\t\t\t\t\t\t\t\t\t<img fetchpriority=\"high\" decoding=\"async\" width=\"990\" height=\"990\" src=\"https:\/\/hotelszatmari.hu\/wp-content\/uploads\/2023\/02\/jaszbereny-nevezetsseg-hotel-szatmari.webp\" class=\"attachment-full size-full wp-image-6523\" alt=\"\" srcset=\"https:\/\/hotelszatmari.hu\/wp-content\/uploads\/2023\/02\/jaszbereny-nevezetsseg-hotel-szatmari.webp 990w, https:\/\/hotelszatmari.hu\/wp-content\/uploads\/2023\/02\/jaszbereny-nevezetsseg-hotel-szatmari-300x300.webp 300w, https:\/\/hotelszatmari.hu\/wp-content\/uploads\/2023\/02\/jaszbereny-nevezetsseg-hotel-szatmari-150x150.webp 150w, https:\/\/hotelszatmari.hu\/wp-content\/uploads\/2023\/02\/jaszbereny-nevezetsseg-hotel-szatmari-768x768.webp 768w\" sizes=\"(max-width: 990px) 100vw, 990px\" \/>\t\t\t\t\t\t\t\t\t\t\t\t\t<\/div>\n\t\t\t\t<\/div>\n\t\t\t\t\t<\/div>\n\t\t<\/div>\n\t\t\t\t\t<\/div>\n\t\t<\/section>\n\t\t\t\t\t<\/div>\n\t\t<\/div>\n\t\t\t\t\t<\/div>\n\t\t<\/section>\n\t\t\t\t<\/div>\n\t\t","protected":false},"excerpt":{"rendered":"<p>J\u00e1szber\u00e9ny, the heart of J\u00e1szs\u00e1g, a pulsating small town, awaits you and your family with countless attractions and colorful programs. The attractions, family-friendly programs of the capital of J\u00e1szs\u00e1g, its unique Zoo, swimming pools and thermal baths, fishing lakes, art and dance camps, museums, rightly make J\u00e1szber\u00e9ny the most promising city in the northern corner [&hellip;]<\/p>\n","protected":false},"author":6,"featured_media":0,"parent":0,"menu_order":0,"comment_status":"closed","ping_status":"closed","template":"elementor_header_footer","meta":{"footnotes":""},"class_list":["post-6824","page","type-page","status-publish","hentry","post-no-thumbnail"],"_links":{"self":[{"href":"https:\/\/hotelszatmari.hu\/en\/wp-json\/wp\/v2\/pages\/6824","targetHints":{"allow":["GET"]}}],"collection":[{"href":"https:\/\/hotelszatmari.hu\/en\/wp-json\/wp\/v2\/pages"}],"about":[{"href":"https:\/\/hotelszatmari.hu\/en\/wp-json\/wp\/v2\/types\/page"}],"author":[{"embeddable":true,"href":"https:\/\/hotelszatmari.hu\/en\/wp-json\/wp\/v2\/users\/6"}],"replies":[{"embeddable":true,"href":"https:\/\/hotelszatmari.hu\/en\/wp-json\/wp\/v2\/comments?post=6824"}],"version-history":[{"count":0,"href":"https:\/\/hotelszatmari.hu\/en\/wp-json\/wp\/v2\/pages\/6824\/revisions"}],"wp:attachment":[{"href":"https:\/\/hotelszatmari.hu\/en\/wp-json\/wp\/v2\/media?parent=6824"}],"curies":[{"name":"wp","href":"https:\/\/api.w.org\/{rel}","templated":true}]}}