{"id":6823,"date":"2023-02-03T05:51:30","date_gmt":"2023-02-03T04:51:30","guid":{"rendered":"http:\/\/hotelszatmari.hu\/impresszum\/"},"modified":"2023-05-02T13:20:21","modified_gmt":"2023-05-02T11:20:21","slug":"impressum","status":"publish","type":"page","link":"https:\/\/hotelszatmari.hu\/en\/impressum\/","title":{"rendered":"Impressum"},"content":{"rendered":"\t\t<div data-elementor-type=\"wp-page\" data-elementor-id=\"6823\" class=\"elementor elementor-6823 elementor-6445\" data-elementor-post-type=\"page\">\n\t\t\t\t\t\t<section class=\"elementor-section elementor-top-section elementor-element elementor-element-e2effe8 elementor-section-boxed elementor-section-gap-beside-yes elementor-section-height-default elementor-section-height-default elementor-section-column-vertical-align-stretch\" data-id=\"e2effe8\" data-element_type=\"section\">\n\t\t\t\t\t\t<div class=\"elementor-container elementor-column-gap-extended\">\n\t\t\t\t\t<div class=\"elementor-column elementor-col-100 elementor-top-column elementor-element elementor-element-e18f688\" data-id=\"e18f688\" data-element_type=\"column\">\n\t\t\t<div class=\"elementor-widget-wrap elementor-element-populated\">\n\t\t\t\t\t\t<div class=\"elementor-element elementor-element-fe72f66 elementor-widget elementor-widget-text-editor\" data-id=\"fe72f66\" data-element_type=\"widget\" data-widget_type=\"text-editor.default\">\n\t\t\t\t<div class=\"elementor-widget-container\">\n\t\t\t\t\t\t\t<p><strong>C\u00c9GADATOK<\/strong><\/p><ul><li>C\u00e9gn\u00e9v: BESTARS F\u00fcred Kft.<\/li><li>Sz\u00e9khely: 5100 J\u00e1szber\u00e9ny, J\u00e1sztelki \u00fat 73.<\/li><li>Telefonos el\u00e9rhet\u0151s\u00e9g\u00fcnk: +36 57 814 560<\/li><li>E-mail: <a href=\"mailto:info@hotelszatmari.hu\">info@hotelszatmari.hu<\/a><\/li><li>NTAK regisztr\u00e1ci\u00f3s sz\u00e1m: SZ22047286<\/li><\/ul><p><strong>A HONLAP FENNTART\u00d3JA:<\/strong><\/p><ul><li>C\u00e9gn\u00e9v: BESTARS F\u00fcred Kft.<\/li><li>Sz\u00e9khely: 5100 J\u00e1szber\u00e9ny, J\u00e1sztelki \u00fat 73.<\/li><li>Ad\u00f3sz\u00e1m: 25399101-2-16<\/li><\/ul><p><strong>EL\u00c9RHET\u0150S\u00c9G:<\/strong><\/p><ul><li>Lev\u00e9lc\u00edm: 5100 J\u00e1szber\u00e9ny, Szabads\u00e1g t\u00e9r 17.<\/li><li>Telefon: +36 30 175 8081<\/li><li>Email: <a href=\"mailto:info@szatmari.hu\">info@szatmari.hu<\/a><\/li><li>Weboldal: <a href=\"http:\/\/www.hotelszatmari.hu\">www.hotelszatmari.hu<\/a><\/li><\/ul><p>Szerver\u00fczemeltet\u00e9s \u00e9s fejleszt\u00e9s: Creative Management Kft.<\/p><p><strong>MUNKAT\u00c1RSAINK \u00c9S \u00c1LLAND\u00d3 SZERKESZT\u0150K:<\/strong><\/p><p>Szatm\u00e1ri N\u00f3ra \u2013 szerkeszt\u0151, marketing<\/p><p>A honlapon megjelen\u00edtett inform\u00e1ci\u00f3kat, dokumentumokat vagy m\u00e1s \u00edrott anyagokat a BESTARS F\u00fcred Kft. kiz\u00e1r\u00f3lag t\u00e1j\u00e9koztat\u00e1s c\u00e9lj\u00e1b\u00f3l teszi k\u00f6zz\u00e9.<\/p><p><strong>A WEBOLDALT TERVEZTE \u00c9S K\u00c9SZ\u00cdTETTE:<\/strong><\/p><ul><li>Creative Management Kft.<\/li><li>Telefon: +36 1 998 9129<\/li><li>Web: <a href=\"http:\/\/www.cmdesign.hu\">www.cmdesign.hu<\/a><\/li><li>E-mail: <a href=\"mailto:support@cmdesign.hu\">support@cmdesign.hu<\/a><\/li><\/ul><p>Az oldal m\u0171k\u00f6d\u00e9s\u00e9vel kapcsolatos \u00e9szrev\u00e9teleit a support@cmdesign.hu c\u00edmre k\u00fcldheti.<\/p><p><strong>JOGI NYILATKOZAT \u00c9S SZERZ\u0150I JOGOK<\/strong><\/p><p>\u00d6n a (<a href=\"http:\/\/www.hotelszatmari.hu\">www.hotelszatmari.hu<\/a>) honlapra (a tov\u00e1bbiakban: Honlap) val\u00f3 bel\u00e9p\u00e9ssel elfogadja az al\u00e1bbi felt\u00e9teleket, m\u00e9g abban az esetben is, ha nem regisztr\u00e1lt felhaszn\u00e1l\u00f3ja a rendszernek:<\/p><p>A Honlapon tal\u00e1lhat\u00f3 tartalom a BESTARS F\u00fcred Kft. (a tov\u00e1bbiakban: Szolg\u00e1ltat\u00f3) kiz\u00e1r\u00f3lagos szellemi tulajdona.<\/p><p>A Szolg\u00e1ltat\u00f3 fenntart minden, a Honlap b\u00e1rmely r\u00e9sz\u00e9nek b\u00e1rmilyen m\u00f3dszerrel, technik\u00e1val t\u00f6rt\u00e9n\u0151 m\u00e1sol\u00e1s\u00e1val, terjeszt\u00e9s\u00e9vel kapcsolatos jogot. A Honlap tartalm\u00e1t nemzetk\u00f6zi \u00e9s magyar t\u00f6rv\u00e9nyek v\u00e9dik.<\/p><p>A <a href=\"http:\/\/www.hotelszatmari.hu\">www.hotelszatmari.hu<\/a> weboldal tulajdonos\u00e1nak (BESTARS F\u00fcred Kft.) \u00e9s k\u00e9sz\u00edt\u0151j\u00e9nek (Creative Management Kft \u2013 <a href=\"http:\/\/www.cmdesign.hu\">www.cmdesign.hu<\/a>) el\u0151zetes \u00edr\u00e1sos hozz\u00e1j\u00e1rul\u00e1sa n\u00e9lk\u00fcl tilos a Honlap eg\u00e9sz\u00e9nek vagy r\u00e9szeinek (sz\u00f6veg, grafika, forr\u00e1sk\u00f3d, v\u00e9djegy, fot\u00f3, adatszerkezet, strukt\u00fara, elj\u00e1r\u00e1s, program stb.) m\u00e1sol\u00e1sa, felhaszn\u00e1l\u00e1sa, feldolgoz\u00e1sa \u00e9s b\u00e1rmilyen m\u00f3don t\u00f6rt\u00e9n\u0151 \u00e9rt\u00e9kes\u00edt\u00e9se. A Honlap oldalai teljes terjedelm\u00fckben, a rekl\u00e1mokkal, hirdet\u00e9sekkel egy\u00fctt szerz\u0151i jogv\u00e9delem alatt \u00e1llnak, tilos azokb\u00f3l b\u00e1rmely r\u00e9szt kiv\u00e1gni, \u00e9s azt nyilv\u00e1noss\u00e1ghoz b\u00e1rmely m\u00f3don \u00fajrak\u00f6zvet\u00edteni.<\/p><p>Tilos tov\u00e1bb\u00e1 a Szolg\u00e1ltat\u00f3 el\u0151zetes \u00edr\u00e1sbeli enged\u00e9lye n\u00e9lk\u00fcl a Honlap tartalm\u00e1t t\u00fckr\u00f6zni, azaz technikai m\u0171velet seg\u00edts\u00e9g\u00e9vel \u00fajrak\u00f6zvet\u00edteni, m\u00e9g v\u00e1ltozatlan form\u00e1ban is.<\/p><p>A Honlap jogosulatlan felhaszn\u00e1l\u00e1sa b\u00fcntet\u0151jogi \u00e9s polg\u00e1ri jogi k\u00f6vetkezm\u00e9nyeket von maga ut\u00e1n. A Honlapr\u00f3l \u00e9rtes\u00fcl\u00e9seket csak a Honlapra val\u00f3 hivatkoz\u00e1ssal lehet \u00e1tvenni \u00fagy, hogy az \u00e1tvev\u0151 nem m\u00f3dos\u00edthatja az eredeti inform\u00e1ci\u00f3t \u00e9s k\u00f6teles a Honlapra utal\u00f3 egy\u00e9rtelm\u0171 hivatkoz\u00e1st minden k\u00e9s\u0151bbi hivatkoz\u00e1sn\u00e1l is felt\u00fcntetni.<\/p><p>A Szolg\u00e1ltat\u00f3 pontos \u00e9s hiteles inform\u00e1ci\u00f3k k\u00f6zl\u00e9s\u00e9re t\u00f6rekszik, de a t\u00e1j\u00e9koztat\u00e1sb\u00f3l fakad\u00f3 esetleges k\u00e1rok\u00e9rt felel\u0151ss\u00e9get nem v\u00e1llal.<\/p><p>A jogosulatlan felhaszn\u00e1l\u00e1s b\u00fcntet\u0151- \u00e9s polg\u00e1ri jogi k\u00f6vetkezm\u00e9nyeket von maga ut\u00e1n. BESTARS F\u00fcred Kft. \u00e9s Creative Management Kft. k\u00f6vetelheti a jogs\u00e9rt\u00e9s azonnali abbahagy\u00e1s\u00e1t \u00e9s k\u00e1r\u00e1nak teljes k\u00f6r\u0171 megt\u00e9r\u00edt\u00e9s\u00e9t.<\/p>\t\t\t\t\t\t<\/div>\n\t\t\t\t<\/div>\n\t\t\t\t\t<\/div>\n\t\t<\/div>\n\t\t\t\t\t<\/div>\n\t\t<\/section>\n\t\t\t\t<\/div>\n\t\t","protected":false},"excerpt":{"rendered":"<p>C\u00c9GADATOK C\u00e9gn\u00e9v: BESTARS F\u00fcred Kft. Sz\u00e9khely: 5100 J\u00e1szber\u00e9ny, J\u00e1sztelki \u00fat 73. Telefonos el\u00e9rhet\u0151s\u00e9g\u00fcnk: +36 57 814 560 E-mail: info@hotelszatmari.hu NTAK regisztr\u00e1ci\u00f3s sz\u00e1m: SZ22047286 A HONLAP FENNTART\u00d3JA: C\u00e9gn\u00e9v: BESTARS F\u00fcred Kft. Sz\u00e9khely: 5100 J\u00e1szber\u00e9ny, J\u00e1sztelki \u00fat 73. Ad\u00f3sz\u00e1m: 25399101-2-16 EL\u00c9RHET\u0150S\u00c9G: Lev\u00e9lc\u00edm: 5100 J\u00e1szber\u00e9ny, Szabads\u00e1g t\u00e9r 17. Telefon: +36 30 175 8081 Email: info@szatmari.hu Weboldal: www.hotelszatmari.hu Szerver\u00fczemeltet\u00e9s [&hellip;]<\/p>\n","protected":false},"author":6,"featured_media":0,"parent":0,"menu_order":0,"comment_status":"closed","ping_status":"closed","template":"elementor_header_footer","meta":{"footnotes":""},"class_list":["post-6823","page","type-page","status-publish","hentry","post-no-thumbnail"],"_links":{"self":[{"href":"https:\/\/hotelszatmari.hu\/en\/wp-json\/wp\/v2\/pages\/6823","targetHints":{"allow":["GET"]}}],"collection":[{"href":"https:\/\/hotelszatmari.hu\/en\/wp-json\/wp\/v2\/pages"}],"about":[{"href":"https:\/\/hotelszatmari.hu\/en\/wp-json\/wp\/v2\/types\/page"}],"author":[{"embeddable":true,"href":"https:\/\/hotelszatmari.hu\/en\/wp-json\/wp\/v2\/users\/6"}],"replies":[{"embeddable":true,"href":"https:\/\/hotelszatmari.hu\/en\/wp-json\/wp\/v2\/comments?post=6823"}],"version-history":[{"count":0,"href":"https:\/\/hotelszatmari.hu\/en\/wp-json\/wp\/v2\/pages\/6823\/revisions"}],"wp:attachment":[{"href":"https:\/\/hotelszatmari.hu\/en\/wp-json\/wp\/v2\/media?parent=6823"}],"curies":[{"name":"wp","href":"https:\/\/api.w.org\/{rel}","templated":true}]}}