{"id":6817,"date":"2023-02-13T14:45:27","date_gmt":"2023-02-13T13:45:27","guid":{"rendered":"http:\/\/hotelszatmari.hu\/galeria\/"},"modified":"2023-03-07T16:17:22","modified_gmt":"2023-03-07T15:17:22","slug":"gallery","status":"publish","type":"page","link":"https:\/\/hotelszatmari.hu\/en\/gallery\/","title":{"rendered":"Gallery"},"content":{"rendered":"\t\t<div data-elementor-type=\"wp-page\" data-elementor-id=\"6817\" class=\"elementor elementor-6817 elementor-6583\" data-elementor-post-type=\"page\">\n\t\t\t\t\t\t<section class=\"elementor-section elementor-top-section elementor-element elementor-element-8f5bb9d elementor-section-gap-beside-no elementor-section-boxed elementor-section-height-default elementor-section-height-default elementor-section-column-vertical-align-stretch\" data-id=\"8f5bb9d\" data-element_type=\"section\">\n\t\t\t\t\t\t<div class=\"elementor-container elementor-column-gap-custom\">\n\t\t\t\t\t<div class=\"elementor-column elementor-col-50 elementor-top-column elementor-element elementor-element-7ec4215\" data-id=\"7ec4215\" data-element_type=\"column\">\n\t\t\t<div class=\"elementor-widget-wrap elementor-element-populated\">\n\t\t\t\t\t\t<div class=\"elementor-element elementor-element-5f55b52 elementor-widget elementor-widget-image\" data-id=\"5f55b52\" data-element_type=\"widget\" data-widget_type=\"image.default\">\n\t\t\t\t<div class=\"elementor-widget-container\">\n\t\t\t\t\t\t\t\t\t\t\t\t\t\t<a href=\"https:\/\/hotelszatmari.hu\/en\/gallery\/rooms\/\">\n\t\t\t\t\t\t\t<img fetchpriority=\"high\" decoding=\"async\" width=\"768\" height=\"513\" src=\"https:\/\/hotelszatmari.hu\/wp-content\/uploads\/2022\/12\/hotel-szatmari-jaszbereny-szobak-romantique-1-768x513.webp\" class=\"attachment-medium_large size-medium_large wp-image-6486\" alt=\"\" srcset=\"https:\/\/hotelszatmari.hu\/wp-content\/uploads\/2022\/12\/hotel-szatmari-jaszbereny-szobak-romantique-1-768x513.webp 768w, https:\/\/hotelszatmari.hu\/wp-content\/uploads\/2022\/12\/hotel-szatmari-jaszbereny-szobak-romantique-1-300x200.webp 300w, https:\/\/hotelszatmari.hu\/wp-content\/uploads\/2022\/12\/hotel-szatmari-jaszbereny-szobak-romantique-1-1024x684.webp 1024w, https:\/\/hotelszatmari.hu\/wp-content\/uploads\/2022\/12\/hotel-szatmari-jaszbereny-szobak-romantique-1-1536x1025.webp 1536w, https:\/\/hotelszatmari.hu\/wp-content\/uploads\/2022\/12\/hotel-szatmari-jaszbereny-szobak-romantique-1.webp 1600w\" sizes=\"(max-width: 768px) 100vw, 768px\" \/>\t\t\t\t\t\t\t\t<\/a>\n\t\t\t\t\t\t\t\t\t\t\t\t\t<\/div>\n\t\t\t\t<\/div>\n\t\t\t\t<div class=\"elementor-element elementor-element-e2b4510 elementor-widget elementor-widget-heading\" data-id=\"e2b4510\" data-element_type=\"widget\" data-widget_type=\"heading.default\">\n\t\t\t\t<div class=\"elementor-widget-container\">\n\t\t\t<h2 class=\"elementor-heading-title elementor-size-default\">Rooms<\/h2>\t\t<\/div>\n\t\t\t\t<\/div>\n\t\t\t\t<div class=\"elementor-element elementor-element-5f8db6e elementor-align-center elementor-widget elementor-widget-nuss-button\" data-id=\"5f8db6e\" data-element_type=\"widget\" data-widget_type=\"nuss-button.default\">\n\t\t\t\t<div class=\"elementor-widget-container\">\n\t\t\t\t\t<div class=\"nuss-ele-button-wrapper\">\r\n\t\t\t<a href=\"https:\/\/hotelszatmari.hu\/en\/gallery\/rooms\/\" class=\"nuss-ele-button-link nuss-ele-button style-flat nuss-ele-button-nm\" role=\"button\">\r\n\t\t\t\t\t\t<div class=\"button-content-wrapper\">\r\n\t\t\t\r\n\t\t\t\t\t\t\t<span class=\"button-text\">Details<\/span>\r\n\t\t\t\r\n\t\t\t\t\t<\/div>\r\n\t\t\r\n\t\t\t\t\t\t\t<\/a>\r\n\t\t<\/div>\r\n\t\t\t\t<\/div>\n\t\t\t\t<\/div>\n\t\t\t\t\t<\/div>\n\t\t<\/div>\n\t\t\t\t<div class=\"elementor-column elementor-col-50 elementor-top-column elementor-element elementor-element-73ac570\" data-id=\"73ac570\" data-element_type=\"column\">\n\t\t\t<div class=\"elementor-widget-wrap elementor-element-populated\">\n\t\t\t\t\t\t<div class=\"elementor-element elementor-element-47b0753 elementor-widget elementor-widget-image\" data-id=\"47b0753\" data-element_type=\"widget\" data-widget_type=\"image.default\">\n\t\t\t\t<div class=\"elementor-widget-container\">\n\t\t\t\t\t\t\t\t\t\t\t\t\t\t<a href=\"https:\/\/hotelszatmari.hu\/en\/gallery\/restaurant\/\">\n\t\t\t\t\t\t\t<img decoding=\"async\" width=\"768\" height=\"512\" src=\"https:\/\/hotelszatmari.hu\/wp-content\/uploads\/2023\/02\/hotel-szatmari-jaszbereny-galeria-etterem-1-768x512.webp\" class=\"attachment-medium_large size-medium_large wp-image-6588\" alt=\"Hotel Szatm\u00e1ri***superior - \u00c9tterem\" srcset=\"https:\/\/hotelszatmari.hu\/wp-content\/uploads\/2023\/02\/hotel-szatmari-jaszbereny-galeria-etterem-1-768x512.webp 768w, https:\/\/hotelszatmari.hu\/wp-content\/uploads\/2023\/02\/hotel-szatmari-jaszbereny-galeria-etterem-1-300x200.webp 300w, https:\/\/hotelszatmari.hu\/wp-content\/uploads\/2023\/02\/hotel-szatmari-jaszbereny-galeria-etterem-1-1024x683.webp 1024w, https:\/\/hotelszatmari.hu\/wp-content\/uploads\/2023\/02\/hotel-szatmari-jaszbereny-galeria-etterem-1.webp 1200w\" sizes=\"(max-width: 768px) 100vw, 768px\" \/>\t\t\t\t\t\t\t\t<\/a>\n\t\t\t\t\t\t\t\t\t\t\t\t\t<\/div>\n\t\t\t\t<\/div>\n\t\t\t\t<div class=\"elementor-element elementor-element-3e01950 elementor-widget elementor-widget-heading\" data-id=\"3e01950\" data-element_type=\"widget\" data-widget_type=\"heading.default\">\n\t\t\t\t<div class=\"elementor-widget-container\">\n\t\t\t<h2 class=\"elementor-heading-title elementor-size-default\">Restaurant<\/h2>\t\t<\/div>\n\t\t\t\t<\/div>\n\t\t\t\t<div class=\"elementor-element elementor-element-9ab7eb5 elementor-align-center elementor-widget elementor-widget-nuss-button\" data-id=\"9ab7eb5\" data-element_type=\"widget\" data-widget_type=\"nuss-button.default\">\n\t\t\t\t<div class=\"elementor-widget-container\">\n\t\t\t\t\t<div class=\"nuss-ele-button-wrapper\">\r\n\t\t\t<a href=\"https:\/\/hotelszatmari.hu\/en\/gallery\/restaurant\/\" class=\"nuss-ele-button-link nuss-ele-button style-flat nuss-ele-button-nm\" role=\"button\">\r\n\t\t\t\t\t\t<div class=\"button-content-wrapper\">\r\n\t\t\t\r\n\t\t\t\t\t\t\t<span class=\"button-text\">Details<\/span>\r\n\t\t\t\r\n\t\t\t\t\t<\/div>\r\n\t\t\r\n\t\t\t\t\t\t\t<\/a>\r\n\t\t<\/div>\r\n\t\t\t\t<\/div>\n\t\t\t\t<\/div>\n\t\t\t\t\t<\/div>\n\t\t<\/div>\n\t\t\t\t\t<\/div>\n\t\t<\/section>\n\t\t\t\t<section class=\"elementor-section elementor-top-section elementor-element elementor-element-fb6eea4 elementor-section-gap-beside-no elementor-section-boxed elementor-section-height-default elementor-section-height-default elementor-section-column-vertical-align-stretch\" data-id=\"fb6eea4\" data-element_type=\"section\">\n\t\t\t\t\t\t<div class=\"elementor-container elementor-column-gap-custom\">\n\t\t\t\t\t<div class=\"elementor-column elementor-col-50 elementor-top-column elementor-element elementor-element-1aa6d6a\" data-id=\"1aa6d6a\" data-element_type=\"column\">\n\t\t\t<div class=\"elementor-widget-wrap elementor-element-populated\">\n\t\t\t\t\t\t<div class=\"elementor-element elementor-element-49edb75 elementor-widget elementor-widget-image\" data-id=\"49edb75\" data-element_type=\"widget\" data-widget_type=\"image.default\">\n\t\t\t\t<div class=\"elementor-widget-container\">\n\t\t\t\t\t\t\t\t\t\t\t\t\t\t<a href=\"https:\/\/hotelszatmari.hu\/en\/gallery\/environment\/\">\n\t\t\t\t\t\t\t<img decoding=\"async\" width=\"768\" height=\"513\" src=\"https:\/\/hotelszatmari.hu\/wp-content\/uploads\/2023\/02\/hotel-szatmari-jaszbereny-galeria-kornyezet-4-768x513.webp\" class=\"attachment-medium_large size-medium_large wp-image-6617\" alt=\"Hotel Szatm\u00e1ri***superior - K\u00f6rnyezet\" srcset=\"https:\/\/hotelszatmari.hu\/wp-content\/uploads\/2023\/02\/hotel-szatmari-jaszbereny-galeria-kornyezet-4-768x513.webp 768w, https:\/\/hotelszatmari.hu\/wp-content\/uploads\/2023\/02\/hotel-szatmari-jaszbereny-galeria-kornyezet-4-300x200.webp 300w, https:\/\/hotelszatmari.hu\/wp-content\/uploads\/2023\/02\/hotel-szatmari-jaszbereny-galeria-kornyezet-4-1024x684.webp 1024w, https:\/\/hotelszatmari.hu\/wp-content\/uploads\/2023\/02\/hotel-szatmari-jaszbereny-galeria-kornyezet-4.webp 1200w\" sizes=\"(max-width: 768px) 100vw, 768px\" \/>\t\t\t\t\t\t\t\t<\/a>\n\t\t\t\t\t\t\t\t\t\t\t\t\t<\/div>\n\t\t\t\t<\/div>\n\t\t\t\t<div class=\"elementor-element elementor-element-1e07829 elementor-widget elementor-widget-heading\" data-id=\"1e07829\" data-element_type=\"widget\" data-widget_type=\"heading.default\">\n\t\t\t\t<div class=\"elementor-widget-container\">\n\t\t\t<h2 class=\"elementor-heading-title elementor-size-default\">Environment<\/h2>\t\t<\/div>\n\t\t\t\t<\/div>\n\t\t\t\t<div class=\"elementor-element elementor-element-acab11f elementor-align-center elementor-widget elementor-widget-nuss-button\" data-id=\"acab11f\" data-element_type=\"widget\" data-widget_type=\"nuss-button.default\">\n\t\t\t\t<div class=\"elementor-widget-container\">\n\t\t\t\t\t<div class=\"nuss-ele-button-wrapper\">\r\n\t\t\t<a href=\"https:\/\/hotelszatmari.hu\/en\/gallery\/environment\/\" class=\"nuss-ele-button-link nuss-ele-button style-flat nuss-ele-button-nm\" role=\"button\">\r\n\t\t\t\t\t\t<div class=\"button-content-wrapper\">\r\n\t\t\t\r\n\t\t\t\t\t\t\t<span class=\"button-text\">Details<\/span>\r\n\t\t\t\r\n\t\t\t\t\t<\/div>\r\n\t\t\r\n\t\t\t\t\t\t\t<\/a>\r\n\t\t<\/div>\r\n\t\t\t\t<\/div>\n\t\t\t\t<\/div>\n\t\t\t\t\t<\/div>\n\t\t<\/div>\n\t\t\t\t<div class=\"elementor-column elementor-col-50 elementor-top-column elementor-element elementor-element-0671a96\" data-id=\"0671a96\" data-element_type=\"column\">\n\t\t\t<div class=\"elementor-widget-wrap elementor-element-populated\">\n\t\t\t\t\t\t<div class=\"elementor-element elementor-element-e4f9089 elementor-widget elementor-widget-image\" data-id=\"e4f9089\" data-element_type=\"widget\" data-widget_type=\"image.default\">\n\t\t\t\t<div class=\"elementor-widget-container\">\n\t\t\t\t\t\t\t\t\t\t\t\t\t\t<a href=\"https:\/\/hotelszatmari.hu\/en\/gallery\/details\/\">\n\t\t\t\t\t\t\t<img loading=\"lazy\" decoding=\"async\" width=\"768\" height=\"513\" src=\"https:\/\/hotelszatmari.hu\/wp-content\/uploads\/2023\/02\/hotel-szatmari-jaszbereny-galeria-reszletek-3-768x513.webp\" class=\"attachment-medium_large size-medium_large wp-image-6623\" alt=\"Hotel Szatm\u00e1ri***superior - R\u00e9szletek\" srcset=\"https:\/\/hotelszatmari.hu\/wp-content\/uploads\/2023\/02\/hotel-szatmari-jaszbereny-galeria-reszletek-3-768x513.webp 768w, https:\/\/hotelszatmari.hu\/wp-content\/uploads\/2023\/02\/hotel-szatmari-jaszbereny-galeria-reszletek-3-300x200.webp 300w, https:\/\/hotelszatmari.hu\/wp-content\/uploads\/2023\/02\/hotel-szatmari-jaszbereny-galeria-reszletek-3-1024x684.webp 1024w, https:\/\/hotelszatmari.hu\/wp-content\/uploads\/2023\/02\/hotel-szatmari-jaszbereny-galeria-reszletek-3.webp 1200w\" sizes=\"(max-width: 768px) 100vw, 768px\" \/>\t\t\t\t\t\t\t\t<\/a>\n\t\t\t\t\t\t\t\t\t\t\t\t\t<\/div>\n\t\t\t\t<\/div>\n\t\t\t\t<div class=\"elementor-element elementor-element-31c5d5a elementor-widget elementor-widget-heading\" data-id=\"31c5d5a\" data-element_type=\"widget\" data-widget_type=\"heading.default\">\n\t\t\t\t<div class=\"elementor-widget-container\">\n\t\t\t<h2 class=\"elementor-heading-title elementor-size-default\">Details<\/h2>\t\t<\/div>\n\t\t\t\t<\/div>\n\t\t\t\t<div class=\"elementor-element elementor-element-6510c76 elementor-align-center elementor-widget elementor-widget-nuss-button\" data-id=\"6510c76\" data-element_type=\"widget\" data-widget_type=\"nuss-button.default\">\n\t\t\t\t<div class=\"elementor-widget-container\">\n\t\t\t\t\t<div class=\"nuss-ele-button-wrapper\">\r\n\t\t\t<a href=\"https:\/\/hotelszatmari.hu\/en\/gallery\/details\/\" class=\"nuss-ele-button-link nuss-ele-button style-flat nuss-ele-button-nm\" role=\"button\">\r\n\t\t\t\t\t\t<div class=\"button-content-wrapper\">\r\n\t\t\t\r\n\t\t\t\t\t\t\t<span class=\"button-text\">Details<\/span>\r\n\t\t\t\r\n\t\t\t\t\t<\/div>\r\n\t\t\r\n\t\t\t\t\t\t\t<\/a>\r\n\t\t<\/div>\r\n\t\t\t\t<\/div>\n\t\t\t\t<\/div>\n\t\t\t\t\t<\/div>\n\t\t<\/div>\n\t\t\t\t\t<\/div>\n\t\t<\/section>\n\t\t\t\t<\/div>\n\t\t","protected":false},"excerpt":{"rendered":"<p>Szob\u00e1k R\u00e9szletek \u00c9tterem R\u00e9szletek K\u00f6rnyezet R\u00e9szletek R\u00e9szletek R\u00e9szletek<\/p>\n","protected":false},"author":6,"featured_media":0,"parent":0,"menu_order":0,"comment_status":"closed","ping_status":"closed","template":"elementor_header_footer","meta":{"footnotes":""},"class_list":["post-6817","page","type-page","status-publish","hentry","post-no-thumbnail"],"_links":{"self":[{"href":"https:\/\/hotelszatmari.hu\/en\/wp-json\/wp\/v2\/pages\/6817","targetHints":{"allow":["GET"]}}],"collection":[{"href":"https:\/\/hotelszatmari.hu\/en\/wp-json\/wp\/v2\/pages"}],"about":[{"href":"https:\/\/hotelszatmari.hu\/en\/wp-json\/wp\/v2\/types\/page"}],"author":[{"embeddable":true,"href":"https:\/\/hotelszatmari.hu\/en\/wp-json\/wp\/v2\/users\/6"}],"replies":[{"embeddable":true,"href":"https:\/\/hotelszatmari.hu\/en\/wp-json\/wp\/v2\/comments?post=6817"}],"version-history":[{"count":0,"href":"https:\/\/hotelszatmari.hu\/en\/wp-json\/wp\/v2\/pages\/6817\/revisions"}],"wp:attachment":[{"href":"https:\/\/hotelszatmari.hu\/en\/wp-json\/wp\/v2\/media?parent=6817"}],"curies":[{"name":"wp","href":"https:\/\/api.w.org\/{rel}","templated":true}]}}